{"id":1208,"date":"2019-04-04T19:08:01","date_gmt":"2019-04-04T17:08:01","guid":{"rendered":"https:\/\/www.bordeaux-gazette.com\/annuaire\/?page_id=1208"},"modified":"2021-06-30T18:06:22","modified_gmt":"2021-06-30T16:06:22","slug":"faq","status":"publish","type":"page","link":"https:\/\/www.bordeaux-gazette.com\/annuaire\/faq\/","title":{"rendered":"FAQ"},"content":{"rendered":"<h3>Qu&#8217;est-ce que Bordeaux Gazette Annuaire ?<\/h3>\n<p>Bordeaux Gazette Annuaire est un guide en ligne sur Bordeaux et plus largement la Gironde qui aide les gens \u00e0 trouver des endroits sympas pour manger, faire du shopping, boire, se d\u00e9tendre et jouer, en se basant sur les opinions \u00e9clair\u00e9es de la communaut\u00e9 de Bordeaux Gazette.<\/p>\n<h3>Bordeaux Gazette Annuaire est-il gratuit ?<\/h3>\n<p>Oui ! Mise \u00e0 part certaines de nos fonctionnalit\u00e9s publicitaires, vous pouvez utiliser le site gratuitement.<\/p>\n<h3>Qui utilise Bordeaux Gazette Annuaire?<\/h3>\n<p>Vous trouverez un large \u00e9ventail de personnes sur Bordeaux Gazette Annuaire, des bordelais et des girondins qui sont &#8220;au courant&#8221; de ce qui se passe dans leur ville, des visiteurs qui souhaitent obtenir le point de vue local d&#8217;un initi\u00e9 et tous ceux qui tentent de trouver une entreprise bordelaise et girondine de grande qualit\u00e9.<\/p>\n<h3>Comment mes informations professionnelles se sont-elles retrouv\u00e9es sur Bordeaux Gazette Annuaire?<\/h3>\n<p>Nous r\u00e9coltons des informations commerciales de base aupr\u00e8s de fournisseurs de donn\u00e9es tiers qui collectent ce type d&#8217;informations \u00e0 partir d&#8217;enregistrements publics et d&#8217;autres sources. Nous recevons \u00e9galement des informations commerciales de nos utilisateurs, qui sont suffisamment utiles pour corriger les informations dont nous disposons ou pour nous informer d&#8217;un nouvel emplacement qui vient d&#8217;ouvrir dans la rue. N&#8217;h\u00e9sitez pas \u00e0 nous faire savoir si nos informations sont obsol\u00e8tes!<\/p>\n<h3>Les propri\u00e9taires d&#8217;\u00e9tablissements ou d&#8217;entreprises ont-ils voix sur Bordeaux Gazette Annuaire ?<\/h3>\n<p>Chaque propri\u00e9taire d\u2019\u00e9tablissements, de commerces ou d&#8217;entreprises peut revendiquer sa fiche \u00e9tablissement en cr\u00e9ant un compte sur Bordeaux Gazette Annuaire. Les outils gratuits fournis permettent aux propri\u00e9taires d&#8217;\u00e9tablissements de r\u00e9pondre aux avis, de publier des informations descriptives sur leur entreprise, d\u2019ajouter une photo de couverture, de suivre l\u2019activit\u00e9 et les clients potentiels de leur page Bordeaux Gazette Annuaire.<\/p>\n","protected":false},"excerpt":{"rendered":"<p>Qu&#8217;est-ce que Bordeaux Gazette Annuaire ? Bordeaux Gazette Annuaire est un guide en ligne sur Bordeaux et plus largement la Gironde qui aide les gens \u00e0 trouver des endroits sympas pour manger, faire du shopping, boire, se d\u00e9tendre et jouer, en se basant sur les opinions \u00e9clair\u00e9es de la communaut\u00e9 de Bordeaux Gazette. Bordeaux Gazette [&hellip;]<\/p>\n","protected":false},"author":1,"featured_media":0,"parent":0,"menu_order":0,"comment_status":"closed","ping_status":"closed","template":"","meta":[],"yoast_head":"<!-- This site is optimized with the Yoast SEO plugin v18.1 - https:\/\/yoast.com\/wordpress\/plugins\/seo\/ -->\n<title>FAQ - Bordeaux Gazette Annuaire<\/title>\n<meta name=\"robots\" content=\"index, follow, max-snippet:-1, max-image-preview:large, max-video-preview:-1\" \/>\n<link rel=\"canonical\" href=\"https:\/\/www.bordeaux-gazette.com\/annuaire\/faq\/\" \/>\n<meta property=\"og:locale\" content=\"fr_FR\" \/>\n<meta property=\"og:type\" content=\"article\" \/>\n<meta property=\"og:title\" content=\"FAQ - Bordeaux Gazette Annuaire\" \/>\n<meta property=\"og:description\" content=\"Qu&#8217;est-ce que Bordeaux Gazette Annuaire ? Bordeaux Gazette Annuaire est un guide en ligne sur Bordeaux et plus largement la Gironde qui aide les gens \u00e0 trouver des endroits sympas pour manger, faire du shopping, boire, se d\u00e9tendre et jouer, en se basant sur les opinions \u00e9clair\u00e9es de la communaut\u00e9 de Bordeaux Gazette. Bordeaux Gazette [&hellip;]\" \/>\n<meta property=\"og:url\" content=\"https:\/\/www.bordeaux-gazette.com\/annuaire\/faq\/\" \/>\n<meta property=\"og:site_name\" content=\"Bordeaux Gazette Annuaire\" \/>\n<meta property=\"article:publisher\" content=\"https:\/\/www.facebook.com\/BGannuaire\/\" \/>\n<meta property=\"article:modified_time\" content=\"2021-06-30T16:06:22+00:00\" \/>\n<meta name=\"twitter:card\" content=\"summary_large_image\" \/>\n<meta name=\"twitter:label1\" content=\"Dur\u00e9e de lecture estim\u00e9e\" \/>\n\t<meta name=\"twitter:data1\" content=\"1 minute\" \/>\n<script type=\"application\/ld+json\" class=\"yoast-schema-graph\">{\"@context\":\"https:\/\/schema.org\",\"@graph\":[{\"@type\":\"Organization\",\"@id\":\"https:\/\/www.bordeaux-gazette.com\/annuaire\/#organization\",\"name\":\"Bordeaux Gazette Annuaire\",\"url\":\"https:\/\/www.bordeaux-gazette.com\/annuaire\/\",\"sameAs\":[\"https:\/\/www.facebook.com\/BGannuaire\/\"],\"logo\":{\"@type\":\"ImageObject\",\"@id\":\"https:\/\/www.bordeaux-gazette.com\/annuaire\/#logo\",\"inLanguage\":\"fr-FR\",\"url\":\"https:\/\/www.bordeaux-gazette.com\/annuaire\/wp-content\/uploads\/2017\/04\/bgannu_logo3.jpg\",\"contentUrl\":\"https:\/\/www.bordeaux-gazette.com\/annuaire\/wp-content\/uploads\/2017\/04\/bgannu_logo3.jpg\",\"width\":118,\"height\":105,\"caption\":\"Bordeaux Gazette Annuaire\"},\"image\":{\"@id\":\"https:\/\/www.bordeaux-gazette.com\/annuaire\/#logo\"}},{\"@type\":\"WebSite\",\"@id\":\"https:\/\/www.bordeaux-gazette.com\/annuaire\/#website\",\"url\":\"https:\/\/www.bordeaux-gazette.com\/annuaire\/\",\"name\":\"Bordeaux Gazette Annuaire\",\"description\":\"Les commerces et services pr\u00e8s de chez vous\",\"publisher\":{\"@id\":\"https:\/\/www.bordeaux-gazette.com\/annuaire\/#organization\"},\"potentialAction\":[{\"@type\":\"SearchAction\",\"target\":{\"@type\":\"EntryPoint\",\"urlTemplate\":\"https:\/\/www.bordeaux-gazette.com\/annuaire\/?s={search_term_string}\"},\"query-input\":\"required name=search_term_string\"}],\"inLanguage\":\"fr-FR\"},{\"@type\":[\"WebPage\",\"FAQPage\"],\"@id\":\"https:\/\/www.bordeaux-gazette.com\/annuaire\/faq\/#webpage\",\"url\":\"https:\/\/www.bordeaux-gazette.com\/annuaire\/faq\/\",\"name\":\"FAQ - Bordeaux Gazette Annuaire\",\"isPartOf\":{\"@id\":\"https:\/\/www.bordeaux-gazette.com\/annuaire\/#website\"},\"datePublished\":\"2019-04-04T17:08:01+00:00\",\"dateModified\":\"2021-06-30T16:06:22+00:00\",\"breadcrumb\":{\"@id\":\"https:\/\/www.bordeaux-gazette.com\/annuaire\/faq\/#breadcrumb\"},\"inLanguage\":\"fr-FR\",\"potentialAction\":[{\"@type\":\"ReadAction\",\"target\":[\"https:\/\/www.bordeaux-gazette.com\/annuaire\/faq\/\"]}]},{\"@type\":\"BreadcrumbList\",\"@id\":\"https:\/\/www.bordeaux-gazette.com\/annuaire\/faq\/#breadcrumb\",\"itemListElement\":[{\"@type\":\"ListItem\",\"position\":1,\"name\":\"Accueil\",\"item\":\"https:\/\/www.bordeaux-gazette.com\/annuaire\/\"},{\"@type\":\"ListItem\",\"position\":2,\"name\":\"FAQ\"}]}]}<\/script>\n<!-- \/ Yoast SEO plugin. -->","yoast_head_json":{"title":"FAQ - Bordeaux Gazette Annuaire","robots":{"index":"index","follow":"follow","max-snippet":"max-snippet:-1","max-image-preview":"max-image-preview:large","max-video-preview":"max-video-preview:-1"},"canonical":"https:\/\/www.bordeaux-gazette.com\/annuaire\/faq\/","og_locale":"fr_FR","og_type":"article","og_title":"FAQ - Bordeaux Gazette Annuaire","og_description":"Qu&#8217;est-ce que Bordeaux Gazette Annuaire ? Bordeaux Gazette Annuaire est un guide en ligne sur Bordeaux et plus largement la Gironde qui aide les gens \u00e0 trouver des endroits sympas pour manger, faire du shopping, boire, se d\u00e9tendre et jouer, en se basant sur les opinions \u00e9clair\u00e9es de la communaut\u00e9 de Bordeaux Gazette. Bordeaux Gazette [&hellip;]","og_url":"https:\/\/www.bordeaux-gazette.com\/annuaire\/faq\/","og_site_name":"Bordeaux Gazette Annuaire","article_publisher":"https:\/\/www.facebook.com\/BGannuaire\/","article_modified_time":"2021-06-30T16:06:22+00:00","twitter_card":"summary_large_image","twitter_misc":{"Dur\u00e9e de lecture estim\u00e9e":"1 minute"},"schema":{"@context":"https:\/\/schema.org","@graph":[{"@type":"Organization","@id":"https:\/\/www.bordeaux-gazette.com\/annuaire\/#organization","name":"Bordeaux Gazette Annuaire","url":"https:\/\/www.bordeaux-gazette.com\/annuaire\/","sameAs":["https:\/\/www.facebook.com\/BGannuaire\/"],"logo":{"@type":"ImageObject","@id":"https:\/\/www.bordeaux-gazette.com\/annuaire\/#logo","inLanguage":"fr-FR","url":"https:\/\/www.bordeaux-gazette.com\/annuaire\/wp-content\/uploads\/2017\/04\/bgannu_logo3.jpg","contentUrl":"https:\/\/www.bordeaux-gazette.com\/annuaire\/wp-content\/uploads\/2017\/04\/bgannu_logo3.jpg","width":118,"height":105,"caption":"Bordeaux Gazette Annuaire"},"image":{"@id":"https:\/\/www.bordeaux-gazette.com\/annuaire\/#logo"}},{"@type":"WebSite","@id":"https:\/\/www.bordeaux-gazette.com\/annuaire\/#website","url":"https:\/\/www.bordeaux-gazette.com\/annuaire\/","name":"Bordeaux Gazette Annuaire","description":"Les commerces et services pr\u00e8s de chez vous","publisher":{"@id":"https:\/\/www.bordeaux-gazette.com\/annuaire\/#organization"},"potentialAction":[{"@type":"SearchAction","target":{"@type":"EntryPoint","urlTemplate":"https:\/\/www.bordeaux-gazette.com\/annuaire\/?s={search_term_string}"},"query-input":"required name=search_term_string"}],"inLanguage":"fr-FR"},{"@type":["WebPage","FAQPage"],"@id":"https:\/\/www.bordeaux-gazette.com\/annuaire\/faq\/#webpage","url":"https:\/\/www.bordeaux-gazette.com\/annuaire\/faq\/","name":"FAQ - Bordeaux Gazette Annuaire","isPartOf":{"@id":"https:\/\/www.bordeaux-gazette.com\/annuaire\/#website"},"datePublished":"2019-04-04T17:08:01+00:00","dateModified":"2021-06-30T16:06:22+00:00","breadcrumb":{"@id":"https:\/\/www.bordeaux-gazette.com\/annuaire\/faq\/#breadcrumb"},"inLanguage":"fr-FR","potentialAction":[{"@type":"ReadAction","target":["https:\/\/www.bordeaux-gazette.com\/annuaire\/faq\/"]}]},{"@type":"BreadcrumbList","@id":"https:\/\/www.bordeaux-gazette.com\/annuaire\/faq\/#breadcrumb","itemListElement":[{"@type":"ListItem","position":1,"name":"Accueil","item":"https:\/\/www.bordeaux-gazette.com\/annuaire\/"},{"@type":"ListItem","position":2,"name":"FAQ"}]}]}},"_links":{"self":[{"href":"https:\/\/www.bordeaux-gazette.com\/annuaire\/wp-json\/wp\/v2\/pages\/1208"}],"collection":[{"href":"https:\/\/www.bordeaux-gazette.com\/annuaire\/wp-json\/wp\/v2\/pages"}],"about":[{"href":"https:\/\/www.bordeaux-gazette.com\/annuaire\/wp-json\/wp\/v2\/types\/page"}],"author":[{"embeddable":true,"href":"https:\/\/www.bordeaux-gazette.com\/annuaire\/wp-json\/wp\/v2\/users\/1"}],"replies":[{"embeddable":true,"href":"https:\/\/www.bordeaux-gazette.com\/annuaire\/wp-json\/wp\/v2\/comments?post=1208"}],"version-history":[{"count":4,"href":"https:\/\/www.bordeaux-gazette.com\/annuaire\/wp-json\/wp\/v2\/pages\/1208\/revisions"}],"predecessor-version":[{"id":1214,"href":"https:\/\/www.bordeaux-gazette.com\/annuaire\/wp-json\/wp\/v2\/pages\/1208\/revisions\/1214"}],"wp:attachment":[{"href":"https:\/\/www.bordeaux-gazette.com\/annuaire\/wp-json\/wp\/v2\/media?parent=1208"}],"curies":[{"name":"wp","href":"https:\/\/api.w.org\/{rel}","templated":true}]}}